{"id":4982,"date":"2022-06-15T11:31:02","date_gmt":"2022-06-15T09:31:02","guid":{"rendered":"https:\/\/procomsystem.pl\/oferta\/robotyka\/"},"modified":"2023-02-21T12:04:29","modified_gmt":"2023-02-21T11:04:29","slug":"robotics","status":"publish","type":"page","link":"https:\/\/procomsystem.pl\/en\/offer\/robotics\/","title":{"rendered":"Robotization of industrial processes"},"content":{"rendered":"","protected":false},"excerpt":{"rendered":"","protected":false},"author":2,"featured_media":4582,"parent":4978,"menu_order":1,"comment_status":"closed","ping_status":"closed","template":"templates\/page-onepage.php","meta":{"_acf_changed":false,"footnotes":""},"class_list":["post-4982","page","type-page","status-publish","has-post-thumbnail","hentry"],"acf":[],"yoast_head":"<!-- This site is optimized with the Yoast SEO plugin v27.5 - https:\/\/yoast.com\/product\/yoast-seo-wordpress\/ -->\n<title>Robotization of industrial processes, robotization of industry<\/title>\n<meta name=\"description\" content=\"Robotization of industrial processes -packaging stations, mobile robots, packing stations, palletizers and depalletizers , pick &amp; place stations\" \/>\n<meta name=\"robots\" content=\"index, follow, max-snippet:-1, max-image-preview:large, max-video-preview:-1\" \/>\n<link rel=\"canonical\" href=\"https:\/\/procomsystem.pl\/en\/offer\/robotics\/\" \/>\n<meta property=\"og:locale\" content=\"en_US\" \/>\n<meta property=\"og:type\" content=\"article\" \/>\n<meta property=\"og:title\" content=\"Robotyka | PROCOM SYSTEM\" \/>\n<meta property=\"og:description\" content=\"Kompleksowo\u015b\u0107 naszych rozwi\u0105za\u0144 to pe\u0142na obs\u0142uga z\u0142o\u017conych proces\u00f3w produkcyjnych \u2013 od odbioru materia\u0142\u00f3w z magazynu przy u\u017cyciu robot\u00f3w mobilnych, poprzez automatyczne lub zrobotyzowane stacje robocze, stanowiska monta\u017cowe, ko\u0144cz\u0105c na systemach pakowania, paletyzacji i dostarczeniu towar\u00f3w do strefy magazynowania.\" \/>\n<meta property=\"og:url\" content=\"https:\/\/procomsystem.pl\/en\/offer\/robotics\/\" \/>\n<meta property=\"og:site_name\" content=\"Procom System\" \/>\n<meta property=\"article:publisher\" content=\"https:\/\/www.facebook.com\/PROCOMSYSTEMSA\/\" \/>\n<meta property=\"article:modified_time\" content=\"2023-02-21T11:04:29+00:00\" \/>\n<meta property=\"og:image\" content=\"https:\/\/procomsystem.pl\/wp-content\/uploads\/realizacje_rob_spozywczy.jpg\" \/>\n\t<meta property=\"og:image:width\" content=\"748\" \/>\n\t<meta property=\"og:image:height\" content=\"499\" \/>\n\t<meta property=\"og:image:type\" content=\"image\/jpeg\" \/>\n<meta name=\"twitter:card\" content=\"summary_large_image\" \/>\n<script type=\"application\/ld+json\" class=\"yoast-schema-graph\">{\"@context\":\"https:\\\/\\\/schema.org\",\"@graph\":[{\"@type\":\"WebPage\",\"@id\":\"https:\\\/\\\/procomsystem.pl\\\/en\\\/offer\\\/robotics\\\/\",\"url\":\"https:\\\/\\\/procomsystem.pl\\\/en\\\/offer\\\/robotics\\\/\",\"name\":\"Robotization of industrial processes, robotization of industry\",\"isPartOf\":{\"@id\":\"https:\\\/\\\/procomsystem.pl\\\/#website\"},\"primaryImageOfPage\":{\"@id\":\"https:\\\/\\\/procomsystem.pl\\\/en\\\/offer\\\/robotics\\\/#primaryimage\"},\"image\":{\"@id\":\"https:\\\/\\\/procomsystem.pl\\\/en\\\/offer\\\/robotics\\\/#primaryimage\"},\"thumbnailUrl\":\"https:\\\/\\\/procomsystem.pl\\\/wp-content\\\/uploads\\\/bennery-pracuj_pl-2021-2-scaled.jpg\",\"datePublished\":\"2022-06-15T09:31:02+00:00\",\"dateModified\":\"2023-02-21T11:04:29+00:00\",\"description\":\"Robotization of industrial processes -packaging stations, mobile robots, packing stations, palletizers and depalletizers , pick & place stations\",\"breadcrumb\":{\"@id\":\"https:\\\/\\\/procomsystem.pl\\\/en\\\/offer\\\/robotics\\\/#breadcrumb\"},\"inLanguage\":\"en-US\",\"potentialAction\":[{\"@type\":\"ReadAction\",\"target\":[\"https:\\\/\\\/procomsystem.pl\\\/en\\\/offer\\\/robotics\\\/\"]}]},{\"@type\":\"ImageObject\",\"inLanguage\":\"en-US\",\"@id\":\"https:\\\/\\\/procomsystem.pl\\\/en\\\/offer\\\/robotics\\\/#primaryimage\",\"url\":\"https:\\\/\\\/procomsystem.pl\\\/wp-content\\\/uploads\\\/bennery-pracuj_pl-2021-2-scaled.jpg\",\"contentUrl\":\"https:\\\/\\\/procomsystem.pl\\\/wp-content\\\/uploads\\\/bennery-pracuj_pl-2021-2-scaled.jpg\",\"width\":2560,\"height\":587},{\"@type\":\"BreadcrumbList\",\"@id\":\"https:\\\/\\\/procomsystem.pl\\\/en\\\/offer\\\/robotics\\\/#breadcrumb\",\"itemListElement\":[{\"@type\":\"ListItem\",\"position\":1,\"name\":\"\",\"item\":\"https:\\\/\\\/procomsystem.pl\\\/en\\\/\"},{\"@type\":\"ListItem\",\"position\":2,\"name\":\"Offer\",\"item\":\"https:\\\/\\\/procomsystem.pl\\\/en\\\/offer\\\/\"},{\"@type\":\"ListItem\",\"position\":3,\"name\":\"Robotization of industrial processes\"}]},{\"@type\":\"WebSite\",\"@id\":\"https:\\\/\\\/procomsystem.pl\\\/#website\",\"url\":\"https:\\\/\\\/procomsystem.pl\\\/\",\"name\":\"Procom System\",\"description\":\"\",\"publisher\":{\"@id\":\"https:\\\/\\\/procomsystem.pl\\\/#organization\"},\"potentialAction\":[{\"@type\":\"SearchAction\",\"target\":{\"@type\":\"EntryPoint\",\"urlTemplate\":\"https:\\\/\\\/procomsystem.pl\\\/?s={search_term_string}\"},\"query-input\":{\"@type\":\"PropertyValueSpecification\",\"valueRequired\":true,\"valueName\":\"search_term_string\"}}],\"inLanguage\":\"en-US\"},{\"@type\":\"Organization\",\"@id\":\"https:\\\/\\\/procomsystem.pl\\\/#organization\",\"name\":\"PROCOM SYSTEM S.A.\",\"url\":\"https:\\\/\\\/procomsystem.pl\\\/\",\"logo\":{\"@type\":\"ImageObject\",\"inLanguage\":\"en-US\",\"@id\":\"https:\\\/\\\/procomsystem.pl\\\/#\\\/schema\\\/logo\\\/image\\\/\",\"url\":\"https:\\\/\\\/procomsystem.pl\\\/wp-content\\\/uploads\\\/logo-procom-system.svg\",\"contentUrl\":\"https:\\\/\\\/procomsystem.pl\\\/wp-content\\\/uploads\\\/logo-procom-system.svg\",\"width\":1,\"height\":1,\"caption\":\"PROCOM SYSTEM S.A.\"},\"image\":{\"@id\":\"https:\\\/\\\/procomsystem.pl\\\/#\\\/schema\\\/logo\\\/image\\\/\"},\"sameAs\":[\"https:\\\/\\\/www.facebook.com\\\/PROCOMSYSTEMSA\\\/\",\"https:\\\/\\\/www.linkedin.com\\\/company\\\/procom-system-s-a-\\\/mycompany\\\/?viewAsMember=true\"]}]}<\/script>\n<!-- \/ Yoast SEO plugin. -->","yoast_head_json":{"title":"Robotization of industrial processes, robotization of industry","description":"Robotization of industrial processes -packaging stations, mobile robots, packing stations, palletizers and depalletizers , pick & place stations","robots":{"index":"index","follow":"follow","max-snippet":"max-snippet:-1","max-image-preview":"max-image-preview:large","max-video-preview":"max-video-preview:-1"},"canonical":"https:\/\/procomsystem.pl\/en\/offer\/robotics\/","og_locale":"en_US","og_type":"article","og_title":"Robotyka | PROCOM SYSTEM","og_description":"Kompleksowo\u015b\u0107 naszych rozwi\u0105za\u0144 to pe\u0142na obs\u0142uga z\u0142o\u017conych proces\u00f3w produkcyjnych \u2013 od odbioru materia\u0142\u00f3w z magazynu przy u\u017cyciu robot\u00f3w mobilnych, poprzez automatyczne lub zrobotyzowane stacje robocze, stanowiska monta\u017cowe, ko\u0144cz\u0105c na systemach pakowania, paletyzacji i dostarczeniu towar\u00f3w do strefy magazynowania.","og_url":"https:\/\/procomsystem.pl\/en\/offer\/robotics\/","og_site_name":"Procom System","article_publisher":"https:\/\/www.facebook.com\/PROCOMSYSTEMSA\/","article_modified_time":"2023-02-21T11:04:29+00:00","og_image":[{"width":748,"height":499,"url":"https:\/\/procomsystem.pl\/wp-content\/uploads\/realizacje_rob_spozywczy.jpg","type":"image\/jpeg"}],"twitter_card":"summary_large_image","schema":{"@context":"https:\/\/schema.org","@graph":[{"@type":"WebPage","@id":"https:\/\/procomsystem.pl\/en\/offer\/robotics\/","url":"https:\/\/procomsystem.pl\/en\/offer\/robotics\/","name":"Robotization of industrial processes, robotization of industry","isPartOf":{"@id":"https:\/\/procomsystem.pl\/#website"},"primaryImageOfPage":{"@id":"https:\/\/procomsystem.pl\/en\/offer\/robotics\/#primaryimage"},"image":{"@id":"https:\/\/procomsystem.pl\/en\/offer\/robotics\/#primaryimage"},"thumbnailUrl":"https:\/\/procomsystem.pl\/wp-content\/uploads\/bennery-pracuj_pl-2021-2-scaled.jpg","datePublished":"2022-06-15T09:31:02+00:00","dateModified":"2023-02-21T11:04:29+00:00","description":"Robotization of industrial processes -packaging stations, mobile robots, packing stations, palletizers and depalletizers , pick & place stations","breadcrumb":{"@id":"https:\/\/procomsystem.pl\/en\/offer\/robotics\/#breadcrumb"},"inLanguage":"en-US","potentialAction":[{"@type":"ReadAction","target":["https:\/\/procomsystem.pl\/en\/offer\/robotics\/"]}]},{"@type":"ImageObject","inLanguage":"en-US","@id":"https:\/\/procomsystem.pl\/en\/offer\/robotics\/#primaryimage","url":"https:\/\/procomsystem.pl\/wp-content\/uploads\/bennery-pracuj_pl-2021-2-scaled.jpg","contentUrl":"https:\/\/procomsystem.pl\/wp-content\/uploads\/bennery-pracuj_pl-2021-2-scaled.jpg","width":2560,"height":587},{"@type":"BreadcrumbList","@id":"https:\/\/procomsystem.pl\/en\/offer\/robotics\/#breadcrumb","itemListElement":[{"@type":"ListItem","position":1,"name":"","item":"https:\/\/procomsystem.pl\/en\/"},{"@type":"ListItem","position":2,"name":"Offer","item":"https:\/\/procomsystem.pl\/en\/offer\/"},{"@type":"ListItem","position":3,"name":"Robotization of industrial processes"}]},{"@type":"WebSite","@id":"https:\/\/procomsystem.pl\/#website","url":"https:\/\/procomsystem.pl\/","name":"Procom System","description":"","publisher":{"@id":"https:\/\/procomsystem.pl\/#organization"},"potentialAction":[{"@type":"SearchAction","target":{"@type":"EntryPoint","urlTemplate":"https:\/\/procomsystem.pl\/?s={search_term_string}"},"query-input":{"@type":"PropertyValueSpecification","valueRequired":true,"valueName":"search_term_string"}}],"inLanguage":"en-US"},{"@type":"Organization","@id":"https:\/\/procomsystem.pl\/#organization","name":"PROCOM SYSTEM S.A.","url":"https:\/\/procomsystem.pl\/","logo":{"@type":"ImageObject","inLanguage":"en-US","@id":"https:\/\/procomsystem.pl\/#\/schema\/logo\/image\/","url":"https:\/\/procomsystem.pl\/wp-content\/uploads\/logo-procom-system.svg","contentUrl":"https:\/\/procomsystem.pl\/wp-content\/uploads\/logo-procom-system.svg","width":1,"height":1,"caption":"PROCOM SYSTEM S.A."},"image":{"@id":"https:\/\/procomsystem.pl\/#\/schema\/logo\/image\/"},"sameAs":["https:\/\/www.facebook.com\/PROCOMSYSTEMSA\/","https:\/\/www.linkedin.com\/company\/procom-system-s-a-\/mycompany\/?viewAsMember=true"]}]}},"_links":{"self":[{"href":"https:\/\/procomsystem.pl\/en\/wp-json\/wp\/v2\/pages\/4982","targetHints":{"allow":["GET"]}}],"collection":[{"href":"https:\/\/procomsystem.pl\/en\/wp-json\/wp\/v2\/pages"}],"about":[{"href":"https:\/\/procomsystem.pl\/en\/wp-json\/wp\/v2\/types\/page"}],"author":[{"embeddable":true,"href":"https:\/\/procomsystem.pl\/en\/wp-json\/wp\/v2\/users\/2"}],"replies":[{"embeddable":true,"href":"https:\/\/procomsystem.pl\/en\/wp-json\/wp\/v2\/comments?post=4982"}],"version-history":[{"count":5,"href":"https:\/\/procomsystem.pl\/en\/wp-json\/wp\/v2\/pages\/4982\/revisions"}],"predecessor-version":[{"id":5277,"href":"https:\/\/procomsystem.pl\/en\/wp-json\/wp\/v2\/pages\/4982\/revisions\/5277"}],"up":[{"embeddable":true,"href":"https:\/\/procomsystem.pl\/en\/wp-json\/wp\/v2\/pages\/4978"}],"wp:featuredmedia":[{"embeddable":true,"href":"https:\/\/procomsystem.pl\/en\/wp-json\/wp\/v2\/media\/4582"}],"wp:attachment":[{"href":"https:\/\/procomsystem.pl\/en\/wp-json\/wp\/v2\/media?parent=4982"}],"curies":[{"name":"wp","href":"https:\/\/api.w.org\/{rel}","templated":true}]}}